{"id":2084,"date":"2020-04-10T19:44:24","date_gmt":"2020-04-10T19:44:24","guid":{"rendered":"https:\/\/ahlma.org\/?page_id=2084"},"modified":"2020-12-29T18:31:16","modified_gmt":"2020-12-29T18:31:16","slug":"declaracion-de-mision","status":"publish","type":"page","link":"https:\/\/ahlma.org\/en\/declaracion-de-mision\/","title":{"rendered":"Our Mission"},"content":{"rendered":"<div class=\"wpb-content-wrapper\"><div class=\"vc_row wpb_row vc_row-fluid vc_custom_1560793098479\"><div class=\"wpb_column vc_column_container vc_col-sm-12\"><div class=\"vc_column-inner\"><div class=\"wpb_wrapper\"><div id=\"ultimate-heading-946369ed0c8e7e830\" class=\"uvc-heading ult-adjust-bottom-margin ultimate-heading-946369ed0c8e7e830 uvc-1038 accent-border-color uvc-heading-default-font-sizes\" data-hspacer=\"no_spacer\"  data-halign=\"center\" style=\"text-align:center\"><div class=\"uvc-heading-spacer no_spacer\" style=\"top\"><\/div><div class=\"uvc-main-heading ult-responsive\"  data-ultimate-target='.uvc-heading.ultimate-heading-946369ed0c8e7e830 h2'  data-responsive-json-new='{\"font-size\":\"\",\"line-height\":\"\"}' ><h2 style=\"--font-weight:theme;margin-bottom:20px;\">AHLMA<\/h2><\/div><div class=\"uvc-sub-heading ult-responsive\"  data-ultimate-target='.uvc-heading.ultimate-heading-946369ed0c8e7e830 .uvc-sub-heading '  data-responsive-json-new='{\"font-size\":\"desktop:28px;\",\"line-height\":\"desktop:38px;\"}'  style=\"font-weight:normal;color:#e97d1f;\">Asociaci\u00f3n de Hermanas Latinas Misioneras en Am\u00e9rica<\/div><\/div><\/div><\/div><\/div><\/div><div class=\"vc_row wpb_row vc_row-fluid vc_custom_1560787254950\"><div class=\"wpb_column vc_column_container vc_col-sm-4\"><div class=\"vc_column-inner\"><div class=\"wpb_wrapper\"><h4 style=\"text-align: center;font-family:Open Sans;font-weight:700;font-style:normal\" class=\"vc_custom_heading vc_do_custom_heading\" >Who We Are<\/h4>\n\t<div class=\"wpb_text_column wpb_content_element  vc_custom_1609266192249\" >\n\t\t<div class=\"wpb_wrapper\">\n\t\t\t<p style=\"text-align: center;\">We are consecrated women, striving to be the maternal face of God. Sent to journey, accompany and encourage the people of God, especially the Hispanic community, the most vulnerable and the poor. Rooted in a spirituality of encuentro we give prophetic witness of unity, solidarity, joy and hope.<\/p>\n\n\t\t<\/div>\n\t<\/div>\n<\/div><\/div><\/div><div class=\"wpb_column vc_column_container vc_col-sm-4\"><div class=\"vc_column-inner\"><div class=\"wpb_wrapper\"><h4 style=\"text-align: center;font-family:Open Sans;font-weight:700;font-style:normal\" class=\"vc_custom_heading vc_do_custom_heading\" >Our Vision<\/h4>\n\t<div class=\"wpb_text_column wpb_content_element  vc_custom_1609266275151\" >\n\t\t<div class=\"wpb_wrapper\">\n\t\t\t<p style=\"text-align: center;\">To be a bridge and a prophetic sign, a space of encounter between cultures, congregations and other organizations to live and share the mission of Jesus and promote Gospel values.<\/p>\n\n\t\t<\/div>\n\t<\/div>\n<\/div><\/div><\/div><div class=\"wpb_column vc_column_container vc_col-sm-4\"><div class=\"vc_column-inner\"><div class=\"wpb_wrapper\"><h4 style=\"text-align: center;font-family:Open Sans;font-weight:700;font-style:normal\" class=\"vc_custom_heading vc_do_custom_heading\" >Our Mission<\/h4>\n\t<div class=\"wpb_text_column wpb_content_element  vc_custom_1609266245163\" >\n\t\t<div class=\"wpb_wrapper\">\n\t\t\t<p style=\"text-align: center;\">Network to support, accompany and empower Latina sisters in their ministry and service for consecrated life, for the Church and society in the United States.<\/p>\n\n\t\t<\/div>\n\t<\/div>\n<\/div><\/div><\/div><\/div><div class=\"vc_row wpb_row vc_row-fluid vc_custom_1586550797104\"><div class=\"wpb_column vc_column_container vc_col-sm-12 vc_col-lg-offset-2 vc_col-lg-8\"><div class=\"vc_column-inner vc_custom_1560418610056\"><div class=\"wpb_wrapper\"><div id=\"ultimate-heading-262869ed0c8e812a0\" class=\"uvc-heading ult-adjust-bottom-margin ultimate-heading-262869ed0c8e812a0 uvc-1164 accent-subtitle-color uvc-heading-default-font-sizes\" data-hspacer=\"no_spacer\"  data-halign=\"center\" style=\"text-align:center\"><div class=\"uvc-heading-spacer no_spacer\" style=\"top\"><\/div><div class=\"uvc-main-heading ult-responsive\"  data-ultimate-target='.uvc-heading.ultimate-heading-262869ed0c8e812a0 h3'  data-responsive-json-new='{\"font-size\":\"\",\"line-height\":\"\"}' ><h3 style=\"font-weight:bold;color:#ffffff;margin-bottom:15px;\">\"Network to support, accompany and empower Latina sisters in their ministry and service for consecrated life, for the Church and society in the United States.\"<\/h3><\/div><div class=\"uvc-sub-heading ult-responsive\"  data-ultimate-target='.uvc-heading.ultimate-heading-262869ed0c8e812a0 .uvc-sub-heading '  data-responsive-json-new='{\"font-size\":\"desktop:24px;\",\"line-height\":\"desktop:34px;\"}'  style=\"font-weight:bold;color:#262d37;\">&#8211; AHLMA &#8211;<\/div><\/div><\/div><\/div><\/div><\/div><!-- Row Backgrounds --><div class=\"upb_bg_img\" data-ultimate-bg=\"url(https:\/\/ahlma.org\/wp-content\/uploads\/2020\/04\/ahlma-1.jpg)\" data-image-id=\"id^2105|url^https:\/\/ahlma.org\/wp-content\/uploads\/2020\/04\/ahlma-1.jpg|caption^null|alt^null|title^ahlma-1|description^null\" data-ultimate-bg-style=\"vcpb-vz-jquery\" data-bg-img-repeat=\"repeat\" data-bg-img-size=\"cover\" data-bg-img-position=\"\" data-parallx_sense=\"30\" data-bg-override=\"ex-full\" data-bg_img_attach=\"scroll\" data-upb-overlay-color=\"rgba(38,45,55,0.5)\" data-upb-bg-animation=\"\" data-fadeout=\"fadeout_row_value\" data-bg-animation=\"left-animation\" data-bg-animation-type=\"h\" data-animation-repeat=\"repeat\" data-fadeout-percentage=\"30\" data-parallax-content=\"\" data-parallax-content-sense=\"30\" data-row-effect-mobile-disable=\"true\" data-img-parallax-mobile-disable=\"true\" data-rtl=\"false\"  data-custom-vc-row=\"\"  data-vc=\"7.9\"  data-is_old_vc=\"\"  data-theme-support=\"\"   data-overlay=\"true\" data-overlay-color=\"rgba(38,45,55,0.5)\" data-overlay-pattern=\"\" data-overlay-pattern-opacity=\"0.8\" data-overlay-pattern-size=\"\" data-overlay-pattern-attachment=\"scroll\"    data-seperator=\"true\"  data-seperator-type=\"tilt_left_seperator\"  data-seperator-shape-size=\"40\"  data-seperator-svg-height=\"100\"  data-seperator-full-width=\"true\" data-seperator-position=\"top_bottom_seperator\"  data-seperator-background-color=\"#fff\"  data-icon=\"\"  ><\/div><div class=\"vc_row wpb_row vc_row-fluid vc_custom_1560794100508\"><div class=\"wpb_column vc_column_container vc_col-sm-12\"><div class=\"vc_column-inner\"><div class=\"wpb_wrapper\"><style type=\"text\/css\" data-type=\"the7_shortcodes-inline-css\">#default-btn-ad79e777f38ef30b90bd0e8a307f4c1f.ico-right-side > i {\n  margin-right: 0px;\n  margin-left: 8px;\n}\n#default-btn-ad79e777f38ef30b90bd0e8a307f4c1f > i {\n  margin-right: 8px;\n}<\/style><div class=\"btn-align-center\"><a href=\"\/en\/contactanos\/\" class=\"default-btn-shortcode dt-btn dt-btn-m link-hover-off ico-right-side\" id=\"default-btn-ad79e777f38ef30b90bd0e8a307f4c1f\" style=\"width:300px;\"><span>Contact Us<\/span><i class=\"Defaults-arrow-right\"><\/i><\/a><\/div><\/div><\/div><\/div><\/div>\n<\/div>","protected":false},"excerpt":{"rendered":"<p>AHLMAAsociaci\u00f3n de Hermanas Latinas Misioneras en Am\u00e9ricaQuienes Somos Somos mujeres consagradas, que luchan por ser el rostro materno de Dios. Enviadas a caminar, acompa\u00f1ar y animar al pueblo de Dios, principalmente a la comunidad latina, y a los m\u00e1s pobres y vulnerables. Enraizadas en la espiritualidad del Encuentro damos testimonio prof\u00e9tico de unidad, solidaridad, alegr\u00eda&hellip;<\/p>","protected":false},"author":1,"featured_media":0,"parent":0,"menu_order":10,"comment_status":"closed","ping_status":"closed","template":"","meta":{"nf_dc_page":"","footnotes":""},"class_list":["post-2084","page","type-page","status-publish","hentry","description-off"],"rttpg_featured_image_url":null,"rttpg_author":{"display_name":"ahlma-admin","author_link":"https:\/\/ahlma.org\/en\/author\/ahlma-admin\/"},"rttpg_comment":0,"rttpg_category":null,"rttpg_excerpt":null,"_links":{"self":[{"href":"https:\/\/ahlma.org\/en\/wp-json\/wp\/v2\/pages\/2084","targetHints":{"allow":["GET"]}}],"collection":[{"href":"https:\/\/ahlma.org\/en\/wp-json\/wp\/v2\/pages"}],"about":[{"href":"https:\/\/ahlma.org\/en\/wp-json\/wp\/v2\/types\/page"}],"author":[{"embeddable":true,"href":"https:\/\/ahlma.org\/en\/wp-json\/wp\/v2\/users\/1"}],"replies":[{"embeddable":true,"href":"https:\/\/ahlma.org\/en\/wp-json\/wp\/v2\/comments?post=2084"}],"version-history":[{"count":5,"href":"https:\/\/ahlma.org\/en\/wp-json\/wp\/v2\/pages\/2084\/revisions"}],"predecessor-version":[{"id":25886,"href":"https:\/\/ahlma.org\/en\/wp-json\/wp\/v2\/pages\/2084\/revisions\/25886"}],"wp:attachment":[{"href":"https:\/\/ahlma.org\/en\/wp-json\/wp\/v2\/media?parent=2084"}],"curies":[{"name":"wp","href":"https:\/\/api.w.org\/{rel}","templated":true}]}}