{"id":26974,"date":"2023-05-30T15:42:24","date_gmt":"2023-05-30T15:42:24","guid":{"rendered":"https:\/\/ahlma.org\/?page_id=26974"},"modified":"2023-05-31T15:43:06","modified_gmt":"2023-05-31T15:43:06","slug":"afiliate-a-ahlma","status":"publish","type":"page","link":"https:\/\/ahlma.org\/en\/afiliate-a-ahlma\/","title":{"rendered":"Become a Member"},"content":{"rendered":"<div class=\"wpb-content-wrapper\"><div class=\"vc_row wpb_row vc_row-fluid vc_custom_1560850714045 vc_row-o-equal-height vc_row-o-content-middle vc_row-flex\"><div class=\"wpb_column vc_column_container vc_col-sm-6\"><div class=\"vc_column-inner\"><div class=\"wpb_wrapper\"><div id=\"ultimate-heading-445569eb934a286e9\" class=\"uvc-heading ult-adjust-bottom-margin ultimate-heading-445569eb934a286e9 uvc-411 accent-title-color color-title\" data-hspacer=\"no_spacer\"  data-halign=\"left\" style=\"text-align:left\"><div class=\"uvc-heading-spacer no_spacer\" style=\"top\"><\/div><div class=\"uvc-main-heading ult-responsive\"  data-ultimate-target='.uvc-heading.ultimate-heading-445569eb934a286e9 h2'  data-responsive-json-new='{\"font-size\":\"desktop:32px;\",\"line-height\":\"\"}' ><h2 style=\"--font-weight:theme;\">Membres\u00eda<\/h2><\/div><div class=\"uvc-sub-heading ult-responsive\"  data-ultimate-target='.uvc-heading.ultimate-heading-445569eb934a286e9 .uvc-sub-heading '  data-responsive-json-new='{\"font-size\":\"desktop:14px;\",\"line-height\":\"\"}'  style=\"font-weight:bold;margin-bottom:40px;\">AHLMA es puente entre culturas, congregaciones y organizaciones; promotoras de la cultura del encuentro; compa\u00f1eras en el camino, en solidaridad con el pueblo peregrino de Dios.<\/p>\n<p>La membres\u00eda les permite, como congregaci\u00f3n asociada, recibir comunicados regulares como el bolet\u00edn y mensajes de WhatsApp, acompa\u00f1amiento, promociones de formaci\u00f3n continua culturalmente relevantes, tener espacios para el di\u00e1logo, el encuentro y para fomentar el sentido de pertenencia e identidad, conectarse con organizaciones asociadas de AHLMA, y mucho m\u00e1s.<\/div><\/div><\/div><\/div><\/div><div class=\"wpb_column vc_column_container vc_col-sm-6\"><div class=\"vc_column-inner vc_custom_1560851109721\"><div class=\"wpb_wrapper\"><div id=\"ultimate-heading-353569eb934a289dc\" class=\"uvc-heading ult-adjust-bottom-margin ultimate-heading-353569eb934a289dc uvc-5484 accent-title-color color-title\" data-hspacer=\"no_spacer\"  data-halign=\"center\" style=\"text-align:center\"><div class=\"uvc-heading-spacer no_spacer\" style=\"top\"><\/div><div class=\"uvc-main-heading ult-responsive\"  data-ultimate-target='.uvc-heading.ultimate-heading-353569eb934a289dc p'  data-responsive-json-new='{\"font-size\":\"desktop:22px;\",\"line-height\":\"\"}' ><p style=\"font-weight:bold;\">Forma en L\u00ednea<\/p><\/div><\/div>\n\t\t\t<div class=\"ult_dual_button  ult-adjust-bottom-margin to-center\"  data-response=\"on\" id=\"ult_btn_1361352095\">\n\n\t\t\t<div id=\"dualbtn-2439\" class=\"ulitmate_dual_buttons ult-dual-btn ult_main_dualbtn\" data-bcolor=\"#e97d1f\"data-bhcolor=\"\">\n\n\t\t\t<div class=\"ult_dualbutton-wrapper btn-inline place-template bt1\"><a href=\"https:\/\/docs.google.com\/forms\/d\/e\/1FAIpQLSciDR8sNqP3AUdM8fSRIdOdiAZ_Za5jiRIUTqQWKp6LEdm1fw\/viewform?usp=sf_link\" target=\"_blank\" rel=\"noopener\"  class=\"ult_ivan_button round-square with-icon icon-before with-text place-template ult_dual1\" style=\";margin-right:px;;background-color:#ffffff !important;; border-color:#e97d1f;border-style:solid;border-width:1px;border-radius:px;width:160px;;\">\n\t\t\t<span class=\"ult-dual-btn-1 Style 1\" style=\"\"  data-bgcolor=\"#ffffff\" data-bghovercolor=\"#bcbcbc\" data-icon_color=\"#333333\" data-icon_hover_color=\"#333333\" data-textcolor=\"#333333\" data-texthovercolor=\"#333333\" data-iconbgcolor=\"transperent\" data-iconbghovercolor=\"transperent\" data-iconborder=\"transperent\" data-iconhoverborder=\"transperent\" >\n\t\t\t<span class=\"icon-simple icon-left1 ult_btn1span ult-dual-btn-no-icon\"  style=\";padding-left:0px; \"><\/span>\n\t\t\t<span class=\"text-btn ult-dual-button-title ult-responsive\"  data-ultimate-target='#dualbtn-2439 .ult-dual-button-title'  data-responsive-json-new='{\"font-size\":\"desktop:26px;\",\"line-height\":\"desktop:15px;\"}'  style=\"font-weight:bold;color:#333333;\">Spanish<\/span>\n\n\t\t\t<\/span>\n\t\t\t<\/a><span class=\"middle-text\" style=\"line-height: 1.8em;color:#ffffff;background-color:#333333;border-width:0px;\">\n\t\t\t<span class=\"middle-inner\"  >|<\/span>\n\t\t\t<\/span>\n\n\t\t\t<\/div>\n\n\t\t\t<div class=\"ult_dualbutton-wrapper btn-inline place-template btn2\"><a href=\"https:\/\/docs.google.com\/forms\/d\/e\/1FAIpQLSd5lC4FQrpO6EXR9AaCeafS28p3nUe0mD2ilJhN6zoPzw3bCg\/viewform?usp=sf_link\" target=\"_blank\" rel=\"noopener\"  class=\"ult_ivan_button round-square with-icon icon-after with-text place-template ult_dual2\"  style=\";background-color:#ffffff !important;;margin-left:px;;border-color:#e97d1f;border-style:solid;border-width:1px;border-radius:px;width:160px;\">\n\t\t\t<span class=\"ult-dual-btn-2 Style 1\"  data-bgcolor=\"#ffffff\" data-bghovercolor=\"#bcbcbc\" data-icon_color=\"#333333\" data-icon_hover_color=\"#333333\" data-textcolor=\"#333333\" data-texthovercolor=\"#333333\" data-iconbgcolor=\"transperent\" data-iconbghovercolor=\"transperent\" data-iconborder=\"transperent\" data-iconhoverborder=\"transperent\" >\n\t\t\t<span class=\"text-btn ult-dual-button-title\" style=\"font-weight:bold;color:#333333;\">English<\/span>\n\n\t\t\t<span class=\"icon-simple icon-right2 ult_btn1span ult-dual-btn-no-icon\"  style=\";padding-left:0px; \"><\/span>\n\t\t\t<\/span>\n\t\t\t<\/a><\/div>\n\t\t\t<\/div>\n\t\t\t<\/div><div class=\"vc_row wpb_row vc_inner vc_row-fluid\"><div class=\"wpb_column vc_column_container vc_col-sm-12\"><div class=\"vc_column-inner\"><div class=\"wpb_wrapper\"><div id=\"ultimate-heading-894769eb934a29032\" class=\"uvc-heading ult-adjust-bottom-margin ultimate-heading-894769eb934a29032 uvc-679 accent-title-color color-title\" data-hspacer=\"no_spacer\"  data-halign=\"center\" style=\"text-align:center\"><div class=\"uvc-heading-spacer no_spacer\" style=\"top\"><\/div><div class=\"uvc-main-heading ult-responsive\"  data-ultimate-target='.uvc-heading.ultimate-heading-894769eb934a29032 p'  data-responsive-json-new='{\"font-size\":\"desktop:22px;\",\"line-height\":\"\"}' ><p style=\"font-weight:bold;\">Bajar la Forma<\/p><\/div><\/div><div class=\"vc_btn3-container vc_btn3-center\" ><a class=\"vc_general vc_btn3 vc_btn3-size-md vc_btn3-shape-rounded vc_btn3-style-modern vc_btn3-icon-left vc_btn3-color-grey\" href=\"https:\/\/ahlma.org\/wp-content\/uploads\/2023\/05\/AHLMA-Membership-Form-Rev.-May-15.2023.pdf\" title=\"\" target=\"_blank\"><i class=\"vc_btn3-icon fas fa-file-download\"><\/i> AHLMA Membership Form - pdf<\/a><\/div><div class=\"vc_empty_space\"   style=\"height: 48px\"><span class=\"vc_empty_space_inner\"><\/span><\/div><div id=\"ultimate-heading-189369eb934a293a1\" class=\"uvc-heading ult-adjust-bottom-margin ultimate-heading-189369eb934a293a1 uvc-6330 accent-title-color color-title\" data-hspacer=\"no_spacer\"  data-halign=\"center\" style=\"text-align:center\"><div class=\"uvc-heading-spacer no_spacer\" style=\"top\"><\/div><div class=\"uvc-main-heading ult-responsive\"  data-ultimate-target='.uvc-heading.ultimate-heading-189369eb934a293a1 p'  data-responsive-json-new='{\"font-size\":\"desktop:22px;\",\"line-height\":\"\"}' ><p style=\"font-weight:bold;\">\u00bfTienes Preguntas? \u00a1Cont\u00e1ctanos!<\/p><\/div><div class=\"uvc-sub-heading ult-responsive\"  data-ultimate-target='.uvc-heading.ultimate-heading-189369eb934a293a1 .uvc-sub-heading '  data-responsive-json-new='{\"font-size\":\"desktop:16px;\",\"line-height\":\"\"}'  style=\"font-weight:bold;margin-bottom:40px;\">ahlma.office@gmail.com<\/div><\/div><\/div><\/div><\/div><\/div><\/div><\/div><\/div><\/div>\n<\/div>","protected":false},"excerpt":{"rendered":"<p>Membres\u00edaAHLMA es puente entre culturas, congregaciones y organizaciones; promotoras de la cultura del encuentro; compa\u00f1eras en el camino, en solidaridad con el pueblo peregrino de Dios. La membres\u00eda les permite, como congregaci\u00f3n asociada, recibir comunicados regulares como el bolet\u00edn y mensajes de WhatsApp, acompa\u00f1amiento, promociones de formaci\u00f3n continua culturalmente relevantes, tener espacios para el di\u00e1logo,&hellip;<\/p>","protected":false},"author":1,"featured_media":0,"parent":0,"menu_order":70,"comment_status":"closed","ping_status":"closed","template":"","meta":{"nf_dc_page":"","footnotes":""},"class_list":["post-26974","page","type-page","status-publish","hentry","description-off"],"rttpg_featured_image_url":null,"rttpg_author":{"display_name":"ahlma-admin","author_link":"https:\/\/ahlma.org\/en\/author\/ahlma-admin\/"},"rttpg_comment":0,"rttpg_category":null,"rttpg_excerpt":null,"_links":{"self":[{"href":"https:\/\/ahlma.org\/en\/wp-json\/wp\/v2\/pages\/26974","targetHints":{"allow":["GET"]}}],"collection":[{"href":"https:\/\/ahlma.org\/en\/wp-json\/wp\/v2\/pages"}],"about":[{"href":"https:\/\/ahlma.org\/en\/wp-json\/wp\/v2\/types\/page"}],"author":[{"embeddable":true,"href":"https:\/\/ahlma.org\/en\/wp-json\/wp\/v2\/users\/1"}],"replies":[{"embeddable":true,"href":"https:\/\/ahlma.org\/en\/wp-json\/wp\/v2\/comments?post=26974"}],"version-history":[{"count":5,"href":"https:\/\/ahlma.org\/en\/wp-json\/wp\/v2\/pages\/26974\/revisions"}],"predecessor-version":[{"id":27034,"href":"https:\/\/ahlma.org\/en\/wp-json\/wp\/v2\/pages\/26974\/revisions\/27034"}],"wp:attachment":[{"href":"https:\/\/ahlma.org\/en\/wp-json\/wp\/v2\/media?parent=26974"}],"curies":[{"name":"wp","href":"https:\/\/api.w.org\/{rel}","templated":true}]}}