{"id":27088,"date":"2023-06-10T04:14:04","date_gmt":"2023-06-10T04:14:04","guid":{"rendered":"https:\/\/ahlma.org\/?page_id=27088"},"modified":"2023-06-29T04:20:38","modified_gmt":"2023-06-29T04:20:38","slug":"programa-de-entrevistas-good-faith-con-la-hermana-elizabeth-guerrero-directora-ejecutiva-de-ahlma","status":"publish","type":"page","link":"https:\/\/ahlma.org\/en\/programa-de-entrevistas-good-faith-con-la-hermana-elizabeth-guerrero-directora-ejecutiva-de-ahlma\/","title":{"rendered":"Interview program In Good Faith with Sister Elizabeth Guerrero - Executive Director of AHLMA"},"content":{"rendered":"<div class=\"wpb-content-wrapper\"><div class=\"vc_row wpb_row vc_row-fluid\"><div class=\"wpb_column vc_column_container vc_col-sm-12\"><div class=\"vc_column-inner\"><div class=\"wpb_wrapper\"><div class=\"vc_empty_space\"   style=\"height: 100px\"><span class=\"vc_empty_space_inner\"><\/span><\/div><\/div><\/div><\/div><\/div><div data-vc-full-width=\"true\" data-vc-full-width-init=\"false\" class=\"vc_row wpb_row vc_row-fluid phone-reverse-col vc_custom_1686371856595 vc_row-has-fill vc_row-o-equal-height vc_row-o-content-middle vc_row-flex\"><div class=\"wpb_column vc_column_container vc_col-sm-6 vc_col-lg-6 vc_col-md-6 vc_col-xs-12\"><div class=\"vc_column-inner vc_custom_1579947663151\"><div class=\"wpb_wrapper\"><div id=\"ultimate-heading-293669edf57671984\" class=\"uvc-heading ult-adjust-bottom-margin ultimate-heading-293669edf57671984 uvc-8372 accent-border-color\" data-hspacer=\"line_only\"  data-halign=\"left\" style=\"text-align:left\"><div class=\"uvc-main-heading ult-responsive\"  data-ultimate-target='.uvc-heading.ultimate-heading-293669edf57671984 h3'  data-responsive-json-new='{\"font-size\":\"mobile_landscape:24px;\",\"line-height\":\"mobile_landscape:34px;\"}' ><h3 style=\"font-weight:bold;margin-bottom:15px;\">Interview program In Good Faith with Sister Elizabeth Guerrero - Executive Director of AHLMA<\/h3><\/div><div class=\"uvc-heading-spacer line_only\" style=\"margin-bottom:30px;height:3px;\"><span class=\"uvc-headings-line\" style=\"border-style:solid;border-bottom-width:3px;border-color:;width:150px;\"><\/span><\/div><div class=\"uvc-sub-heading ult-responsive\"  data-ultimate-target='.uvc-heading.ultimate-heading-293669edf57671984 .uvc-sub-heading '  data-responsive-json-new='{\"font-size\":\"\",\"line-height\":\"\"}'  style=\"font-weight:bold;\">Sister Elizabeth Guerrero, a Sister of the Missionary Catechists of Divine Providence, lives in San Antonio, Texas, and is the executive director of AHLMA, the Asociacion de Hermanas Latinas Misioneras en America, shares her vocation and ministry with Hispanic\/Latino sisters.<\/p>\n<p>Listen the Nun\u2019s life Ministry interview to Sr. Elizabeth Guerrero:<\/div><\/div><div class=\"vc_empty_space\"   style=\"height: 32px\"><span class=\"vc_empty_space_inner\"><\/span><\/div>\n\t<div class=\"wpb_raw_code wpb_raw_html wpb_content_element\" >\n\t\t<div class=\"wpb_wrapper\">\n\t\t\t<iframe loading=\"lazy\" title=\"Embed Player\" style=\"border: medium none;\" src=\"https:\/\/play.libsyn.com\/embed\/episode\/id\/26521137\/height\/192\/theme\/modern\/size\/large\/thumbnail\/yes\/custom-color\/87A93A\/time-start\/00:00:00\/playlist-height\/200\/direction\/backward\/download\/yes\" scrolling=\"no\" allowfullscreen=\"\" webkitallowfullscreen=\"true\" mozallowfullscreen=\"true\" oallowfullscreen=\"true\" msallowfullscreen=\"true\" width=\"100%\" height=\"192\"><\/iframe>\n\t\t<\/div>\n\t<\/div>\n<div class=\"vc_empty_space\"   style=\"height: 32px\"><span class=\"vc_empty_space_inner\"><\/span><\/div><div class=\"vc_row wpb_row vc_inner vc_row-fluid\"><div class=\"wpb_column vc_column_container vc_col-sm-6\"><div class=\"vc_column-inner\"><div class=\"wpb_wrapper\"><div class=\"vc_btn3-container vc_btn3-inline\" ><a class=\"vc_general vc_btn3 vc_btn3-size-md vc_btn3-shape-rounded vc_btn3-style-flat vc_btn3-icon-right vc_btn3-color-warning\" href=\"https:\/\/traffic.libsyn.com\/secure\/forcedn\/anunslife\/IGF060-feb-6-2023-elizabeth-guerrero.mp3\" title=\"\" target=\"_blank\">Click to Download Interview <i class=\"vc_btn3-icon fas fa-cloud-download-alt\"><\/i><\/a><\/div><\/div><\/div><\/div><div class=\"wpb_column vc_column_container vc_col-sm-6\"><div class=\"vc_column-inner\"><div class=\"wpb_wrapper\"><div class=\"vc_btn3-container vc_btn3-inline\" ><a class=\"vc_general vc_btn3 vc_btn3-size-md vc_btn3-shape-rounded vc_btn3-style-flat vc_btn3-color-warning\" href=\"https:\/\/anunslife.org\/podcasts\/in-good-faith\/igf060-elizabeth-guerrero\" title=\"\" target=\"_blank\">In Good Faith Website<\/a><\/div><\/div><\/div><\/div><\/div><\/div><\/div><\/div><div class=\"wpb_column vc_column_container vc_col-sm-6 vc_col-lg-6 vc_col-md-6 vc_col-xs-12\"><div class=\"vc_column-inner vc_custom_1579947671531\"><div class=\"wpb_wrapper\"><style type=\"text\/css\" data-type=\"the7_shortcodes-inline-css\">.shortcode-single-image-wrap.shortcode-single-image-d21b842ea448c9334567200819e9395e.enable-bg-rollover .rollover i,\n.shortcode-single-image-wrap.shortcode-single-image-d21b842ea448c9334567200819e9395e.enable-bg-rollover .rollover-video i {\n  background: -webkit-linear-gradient();\n  background: linear-gradient();\n}\n.shortcode-single-image-wrap.shortcode-single-image-d21b842ea448c9334567200819e9395e .rollover-icon {\n  font-size: 32px;\n  color: #ffffff;\n  min-width: 44px;\n  min-height: 44px;\n  line-height: 44px;\n  border-radius: 100px;\n  border-style: solid;\n  border-width: 0px;\n}\n.dt-icon-bg-on.shortcode-single-image-wrap.shortcode-single-image-d21b842ea448c9334567200819e9395e .rollover-icon {\n  background: rgba(255,255,255,0.3);\n  box-shadow: none;\n}<\/style><div class=\"shortcode-single-image-wrap shortcode-single-image-d21b842ea448c9334567200819e9395e alignnone  enable-bg-rollover dt-icon-bg-off\" style=\"margin-top:0px; margin-bottom:0px; margin-left:0px; margin-right:0px; width:1200px;\"><div class=\"shortcode-single-image\"><div class=\"fancy-media-wrap  layzr-bg\" style=\"\"><img fetchpriority=\"high\" decoding=\"async\" class=\"preload-me lazy-load aspect\" src=\"data:image\/svg+xml,%3Csvg%20xmlns%3D&#39;http%3A%2F%2Fwww.w3.org%2F2000%2Fsvg&#39;%20viewBox%3D&#39;0%200%20837%20465&#39;%2F%3E\" data-src=\"https:\/\/ahlma.org\/wp-content\/uploads\/2023\/06\/nuns-life-sr-elizabeth-ann-guerrero.png\" data-srcset=\"https:\/\/ahlma.org\/wp-content\/uploads\/2023\/06\/nuns-life-sr-elizabeth-ann-guerrero.png 837w\" loading=\"eager\" sizes=\"(max-width: 837px) 100vw, 837px\" width=\"837\" height=\"465\"  data-dt-location=\"https:\/\/ahlma.org\/en\/programa-de-entrevistas-good-faith-con-la-hermana-elizabeth-guerrero-directora-ejecutiva-de-ahlma\/nuns-life-sr-elizabeth-ann-guerrero\/\" style=\"--ratio: 837 \/ 465;\" alt=\"\" \/><\/div><\/div><\/div><\/div><\/div><\/div><\/div><div class=\"vc_row-full-width vc_clearfix\"><\/div><div class=\"vc_row wpb_row vc_row-fluid\"><div class=\"wpb_column vc_column_container vc_col-sm-12\"><div class=\"vc_column-inner\"><div class=\"wpb_wrapper\"><div class=\"vc_empty_space\"   style=\"height: 100px\"><span class=\"vc_empty_space_inner\"><\/span><\/div><\/div><\/div><\/div><\/div>\n<\/div>","protected":false},"excerpt":{"rendered":"<p>Programa de entrevistas In Good Faith (De Buena Fe) con la Hermana Elizabeth Guerrero &#8211; Directora Ejecutiva de AHLMALa Hna. Elizabeth Guerrero, Misionera Catequista de la Divina Providencia, vive en San Antonio, Texas, y es la directora ejecutiva de AHLMA, la Asociaci\u00f3n de Hermanas Latinas Misioneras en Am\u00e9rica, comparte su vocaci\u00f3n y servicio en favor&hellip;<\/p>","protected":false},"author":1,"featured_media":27090,"parent":0,"menu_order":6,"comment_status":"closed","ping_status":"closed","template":"","meta":{"nf_dc_page":"","footnotes":""},"class_list":["post-27088","page","type-page","status-publish","has-post-thumbnail","hentry","description-off"],"rttpg_featured_image_url":{"full":["https:\/\/ahlma.org\/wp-content\/uploads\/2023\/06\/nuns-life-sr-elizabeth-ann-guerrero.png",837,466,false],"landscape":["https:\/\/ahlma.org\/wp-content\/uploads\/2023\/06\/nuns-life-sr-elizabeth-ann-guerrero.png",837,466,false],"portraits":["https:\/\/ahlma.org\/wp-content\/uploads\/2023\/06\/nuns-life-sr-elizabeth-ann-guerrero.png",837,466,false],"thumbnail":["https:\/\/ahlma.org\/wp-content\/uploads\/2023\/06\/nuns-life-sr-elizabeth-ann-guerrero-150x150.png",150,150,true],"medium":["https:\/\/ahlma.org\/wp-content\/uploads\/2023\/06\/nuns-life-sr-elizabeth-ann-guerrero-300x167.png",300,167,true],"large":["https:\/\/ahlma.org\/wp-content\/uploads\/2023\/06\/nuns-life-sr-elizabeth-ann-guerrero.png",837,466,false],"1536x1536":["https:\/\/ahlma.org\/wp-content\/uploads\/2023\/06\/nuns-life-sr-elizabeth-ann-guerrero.png",837,466,false],"2048x2048":["https:\/\/ahlma.org\/wp-content\/uploads\/2023\/06\/nuns-life-sr-elizabeth-ann-guerrero.png",837,466,false],"trp-custom-language-flag":["https:\/\/ahlma.org\/wp-content\/uploads\/2023\/06\/nuns-life-sr-elizabeth-ann-guerrero.png",18,10,false]},"rttpg_author":{"display_name":"ahlma-admin","author_link":"https:\/\/ahlma.org\/en\/author\/ahlma-admin\/"},"rttpg_comment":0,"rttpg_category":null,"rttpg_excerpt":null,"_links":{"self":[{"href":"https:\/\/ahlma.org\/en\/wp-json\/wp\/v2\/pages\/27088","targetHints":{"allow":["GET"]}}],"collection":[{"href":"https:\/\/ahlma.org\/en\/wp-json\/wp\/v2\/pages"}],"about":[{"href":"https:\/\/ahlma.org\/en\/wp-json\/wp\/v2\/types\/page"}],"author":[{"embeddable":true,"href":"https:\/\/ahlma.org\/en\/wp-json\/wp\/v2\/users\/1"}],"replies":[{"embeddable":true,"href":"https:\/\/ahlma.org\/en\/wp-json\/wp\/v2\/comments?post=27088"}],"version-history":[{"count":5,"href":"https:\/\/ahlma.org\/en\/wp-json\/wp\/v2\/pages\/27088\/revisions"}],"predecessor-version":[{"id":27434,"href":"https:\/\/ahlma.org\/en\/wp-json\/wp\/v2\/pages\/27088\/revisions\/27434"}],"wp:featuredmedia":[{"embeddable":true,"href":"https:\/\/ahlma.org\/en\/wp-json\/wp\/v2\/media\/27090"}],"wp:attachment":[{"href":"https:\/\/ahlma.org\/en\/wp-json\/wp\/v2\/media?parent=27088"}],"curies":[{"name":"wp","href":"https:\/\/api.w.org\/{rel}","templated":true}]}}